{"id":12,"date":"2026-02-22T01:32:08","date_gmt":"2026-02-22T01:32:08","guid":{"rendered":"https:\/\/declivi.com\/?page_id=12"},"modified":"2026-03-03T11:12:13","modified_gmt":"2026-03-03T11:12:13","slug":"nosaltres","status":"publish","type":"page","link":"https:\/\/declivi.com\/es\/nosaltres\/","title":{"rendered":"Nosotros"},"content":{"rendered":"<div class=\"wp-block-group has-secondary-color has-foreground-background-color has-text-color has-background has-link-color wp-elements-e6ca6257cf62aa523766111252e4153b is-layout-flow wp-container-core-group-is-layout-637cd713 wp-block-group-is-layout-flow\" style=\"border-top-left-radius:19px;border-top-right-radius:19px;border-bottom-left-radius:19px;border-bottom-right-radius:19px;min-height:0px;margin-top:var(--wp--preset--spacing--60);margin-bottom:var(--wp--preset--spacing--60);padding-top:21px;padding-right:var(--wp--preset--spacing--40);padding-bottom:21px;padding-left:var(--wp--preset--spacing--40)\">\n<div class=\"wp-block-group alignfull is-layout-constrained wp-block-group-is-layout-constrained\">\n<h1 class=\"wp-block-heading alignwide has-syne-font-family\" id=\"warble-a-film-about-hobbyist-bird-watchers-1\" style=\"font-size:clamp(3rem, 6vw, 4.5rem);font-style:normal;font-weight:700\">Nosotros<\/h1>\n\n\n\n<div style=\"height:32px\" aria-hidden=\"true\" class=\"wp-block-spacer\"><\/div>\n\n\n\n<figure class=\"wp-block-image size-large\"><img data-recalc-dims=\"1\" loading=\"lazy\" decoding=\"async\" width=\"1024\" height=\"682\" data-attachment-id=\"110\" data-permalink=\"https:\/\/declivi.com\/es\/nosaltres\/img_2054-4\/\" data-orig-file=\"https:\/\/i0.wp.com\/declivi.com\/wp-content\/uploads\/2026\/02\/IMG_2054-3.jpg?fit=2000%2C1333&amp;ssl=1\" data-orig-size=\"2000,1333\" data-comments-opened=\"1\" data-image-meta=\"{&quot;aperture&quot;:&quot;5.6&quot;,&quot;credit&quot;:&quot;&quot;,&quot;camera&quot;:&quot;Canon EOS R8&quot;,&quot;caption&quot;:&quot;&quot;,&quot;created_timestamp&quot;:&quot;1755009762&quot;,&quot;copyright&quot;:&quot;&quot;,&quot;focal_length&quot;:&quot;16&quot;,&quot;iso&quot;:&quot;100&quot;,&quot;shutter_speed&quot;:&quot;0.008&quot;,&quot;title&quot;:&quot;&quot;,&quot;orientation&quot;:&quot;0&quot;}\" data-image-title=\"IMG_2054\" data-image-description=\"\" data-image-caption=\"\" data-large-file=\"https:\/\/i0.wp.com\/declivi.com\/wp-content\/uploads\/2026\/02\/IMG_2054-3.jpg?fit=1024%2C682&amp;ssl=1\" src=\"https:\/\/i0.wp.com\/declivi.com\/wp-content\/uploads\/2026\/02\/IMG_2054-3.jpg?resize=1024%2C682&#038;ssl=1\" alt=\"\" class=\"wp-image-110\" srcset=\"https:\/\/i0.wp.com\/declivi.com\/wp-content\/uploads\/2026\/02\/IMG_2054-3.jpg?resize=1024%2C682&amp;ssl=1 1024w, https:\/\/i0.wp.com\/declivi.com\/wp-content\/uploads\/2026\/02\/IMG_2054-3.jpg?resize=300%2C200&amp;ssl=1 300w, https:\/\/i0.wp.com\/declivi.com\/wp-content\/uploads\/2026\/02\/IMG_2054-3.jpg?resize=768%2C512&amp;ssl=1 768w, https:\/\/i0.wp.com\/declivi.com\/wp-content\/uploads\/2026\/02\/IMG_2054-3.jpg?resize=1536%2C1024&amp;ssl=1 1536w, https:\/\/i0.wp.com\/declivi.com\/wp-content\/uploads\/2026\/02\/IMG_2054-3.jpg?resize=1200%2C800&amp;ssl=1 1200w, https:\/\/i0.wp.com\/declivi.com\/wp-content\/uploads\/2026\/02\/IMG_2054-3.jpg?w=2000&amp;ssl=1 2000w\" sizes=\"auto, (max-width: 1000px) 100vw, 1000px\" \/><\/figure>\n\n\n\n<div style=\"height:32px\" aria-hidden=\"true\" class=\"wp-block-spacer\"><\/div>\n\n\n\n<div class=\"wp-block-columns alignwide is-layout-flex wp-container-core-columns-is-layout-9ba6dbca wp-block-columns-is-layout-flex\">\n<div class=\"wp-block-column is-layout-flow wp-block-column-is-layout-flow\" style=\"flex-basis:65%\">\n<p class=\"has-text-align-justify has-syne-font-family wp-block-paragraph\" style=\"font-style:normal;font-weight:600\">Somos Declivi, un grupo de rock alternativo nacido en Manresa a principios de 2023. Nos conocimos casi por casualidad, pero desde el primer ensayo sentimos que algo funcionaba: una conexi\u00f3n natural, una energ\u00eda compartida y una forma de entender la m\u00fasica que nos hac\u00eda sentir en casa.<br><br>Declivi es nuestra forma de canalizar lo que nos remueve: las inquietudes, las rabias, las contradicciones y tambi\u00e9n las alegr\u00edas. Hacemos m\u00fasica porque lo necesitamos, porque hay cosas que no sabemos decir de otra forma.<br><br>Desde que subimos por primera vez a un escenario en Manresa, el 30 de junio de 2023, hemos aprovechado cada oportunidad para hacer sonar nuestra propuesta, y nos hemos ganado el p\u00fablico concierto tras concierto. Queremos seguir haciendo camino y compartir esa energ\u00eda con el m\u00e1ximo de gente posible.<\/p>\n<\/div>\n\n\n\n<div class=\"wp-block-column is-layout-flow wp-container-core-column-is-layout-6ea0640d wp-block-column-is-layout-flow\" style=\"padding-right:0;padding-left:0\">\n<p class=\"has-text-align-right has-syne-font-family wp-block-paragraph\" style=\"font-style:normal;font-weight:600\">Nil Navarro<br>Unai Tenreiro<br>Bernat Ledesma<br>Marc Romera<br>V\u00edctor Sol\u00e9<br>Max Galindo<\/p>\n<\/div>\n<\/div>\n<\/div>\n<\/div>","protected":false},"excerpt":{"rendered":"<p>Nosaltres Som Declivi, un grup de rock alternatiu nascut a Manresa a principis de 2023. Ens vam con\u00e8ixer gaireb\u00e9 per casualitat, per\u00f2 des del primer assaig vam sentir que alguna cosa funcionava: una connexi\u00f3 natural, una energia compartida i una manera d\u2019entendre la m\u00fasica que ens feia sentir a casa. Declivi \u00e9s la nostra manera [&hellip;]<\/p>\n","protected":false},"author":250461137,"featured_media":0,"parent":0,"menu_order":0,"comment_status":"closed","ping_status":"closed","template":"","meta":{"_crdt_document":"","advanced_seo_description":"","jetpack_seo_html_title":"","jetpack_seo_noindex":false,"footnotes":""},"class_list":["post-12","page","type-page","status-publish","hentry"],"jetpack_sharing_enabled":true,"jetpack_shortlink":"https:\/\/wp.me\/PfKXCE-c","jetpack-related-posts":[],"_links":{"self":[{"href":"https:\/\/declivi.com\/es\/wp-json\/wp\/v2\/pages\/12","targetHints":{"allow":["GET"]}}],"collection":[{"href":"https:\/\/declivi.com\/es\/wp-json\/wp\/v2\/pages"}],"about":[{"href":"https:\/\/declivi.com\/es\/wp-json\/wp\/v2\/types\/page"}],"author":[{"embeddable":true,"href":"https:\/\/declivi.com\/es\/wp-json\/wp\/v2\/users\/250461137"}],"replies":[{"embeddable":true,"href":"https:\/\/declivi.com\/es\/wp-json\/wp\/v2\/comments?post=12"}],"version-history":[{"count":11,"href":"https:\/\/declivi.com\/es\/wp-json\/wp\/v2\/pages\/12\/revisions"}],"predecessor-version":[{"id":255,"href":"https:\/\/declivi.com\/es\/wp-json\/wp\/v2\/pages\/12\/revisions\/255"}],"wp:attachment":[{"href":"https:\/\/declivi.com\/es\/wp-json\/wp\/v2\/media?parent=12"}],"curies":[{"name":"wp","href":"https:\/\/api.w.org\/{rel}","templated":true}]}}